{"id":1072,"date":"2021-04-09T08:00:14","date_gmt":"2021-04-09T08:00:14","guid":{"rendered":"https:\/\/www.konoba-darocco.com\/o-krnici\/"},"modified":"2021-06-09T10:49:08","modified_gmt":"2021-06-09T10:49:08","slug":"krnica","status":"publish","type":"page","link":"https:\/\/www.konoba-darocco.com\/it\/krnica\/","title":{"rendered":"Krnica"},"content":{"rendered":"<p>[vc_section el_name=&#8221;Menu Welcome Section&#8221;][vc_row el_name=&#8221;Menu Message&#8221;][vc_column offset=&#8221;vc_col-lg-offset-3 vc_col-lg-6&#8243;]<div class=\"wpb_content_element \"><style type=\"text\/css\"><\/style><header id=\"ut_header_69df98b880a01\" class=\"section-header  ut-no-title-linebreak-mobile ut-no-lead-linebreak-mobile pt-style-7 header-center header-tablet-center header-mobile-center\"><h2 data-title=\"Trattoria Da Rocco\"  data-responsive-font=\"section_title\" class=\"section-title  \"><span>Trattoria Da Rocco<\/span><\/h2><div data-delay=\"0\" class=\"lead \"><p>Da Rocco \u00e8 una tradizionale trattoria istriana nella cittadina di Krnica, collocata sulla costa orientale dell\u2019Istria, a una ventina di minuti di guida da Pola e Albona.<\/p>\n<\/div><\/header><\/div>[\/vc_column][\/vc_row][\/vc_section][vc_section el_id=&#8221;steaks&#8221;][vc_row el_name=&#8221;Steaks and Chops&#8221;][vc_column width=&#8221;1\/2&#8243;]<div class=\"wpb_content_element \"><style type=\"text\/css\"><\/style><header id=\"ut_header_69df98b8822b9\" class=\"section-header  ut-no-title-linebreak-mobile ut-no-lead-linebreak-mobile pt-style-7 header-left header-tablet-left header-mobile-center\"><div data-delay=\"0\" class=\"lead \"><p>Krnica, o Carnitia, si trova sulla costa orientale dell&#8217;Istria, ad un&#8217;altitudine di 195 m, il suo segno distintivo \u00e8 senza dubbio il campanile della chiesa di San Rocco, che domina il luogo. Il luogo fu fondato da profughi dalmati che lo chiamarono Sveta Marija Krni\u010dka, poi Krnica.<\/p>\n<p>Il paesaggio selvaggio dei suoi dintorni \u00e8 caratterizzato da gole e creste aguzze, altipiani sovrastanti che offrono una magnifica vista sul Golfo del Quarnero e sulle isole. Con le sue calette nascoste, un incantevole mondo sottomarino, la bassa vegetazione mediterranea, il profumo inconfondibile di macchia e pinete, Krnica, con i luoghi circostanti, offre la possibilit\u00e0 di una rapida fuga dalla frenesia della citt\u00e0, per una vacanza lunga e rigenerante.<br \/>\nIl porto locale, Krni\u010dki Porat, ospita molte barche da pesca ed \u00e8 il punto di partenza dei pescatori locali, che da tempo immemorabile mantengono le proprie famiglie grazie ai frutti di mare, nutrendosi di essi ma anche scambiandoli con altri beni necessari. Per i palati esigenti, che  amano gustarsi i frutti di mare, Krni\u010dki Porat offre sempre gamberi e pesce freschi, preparati da lungo tempo secondo una ricetta tradizionale. Il porto \u00e8 anche il punto di partenza per avventure subacquee per chi ha lo spirito curioso, mentre chi \u00e8 pi\u00f9 tranquillo pu\u00f2 dedicarsi a una tranquilla passeggiata nella natura incontaminata.<\/p>\n<\/div><\/header><\/div>[\/vc_column][vc_column width=&#8221;1\/2&#8243;]<div  class=\"wpb_content_element   clearfix\"><style type=\"text\/css\">#ut_am_69df98b88278e { opacity: 1; }#ut_am_wrap_69df98b88278f .ut-image-gallery-item-caption-title h3 { letter-spacing: 0em; }#ut_am_wrap_69df98b88278f .ut-gallery-slider-caption { font-weight: bold; }#ut_am_wrap_69df98b88278f { text-align: left; }@media (min-width: 768px) and (max-width: 1024px) { #ut_am_wrap_69df98b88278f { text-align: left !important; } }@media (max-width: 767px) { #ut_am_wrap_69df98b88278f { text-align: center !important; } }<\/style><div id=\"ut_am_wrap_69df98b88278f\" class=\"ut-image-gallery-image \"><div id=\"ut_reveal_69df98b882790\"  data-appear-top-offset=\"auto\" class=\"ut-animated-image-item ut-image-gallery-item ut-animation-done \"><a class=\"ut-deactivated-link\" href=\"#\"><div class=\"ut-animated-image-zoom\"><img loading=\"lazy\" decoding=\"async\" class=\"ut-lazy skip-lazy ut-animated-image \"  id=\"ut_am_69df98b88278e\" src=\"data:image\/svg+xml;charset=utf-8,%3Csvg xmlns%3D'http%3A%2F%2Fwww.w3.org%2F2000%2Fsvg' viewBox%3D'0 0 1080 607'%2F%3E\" data-src=\"https:\/\/www.konoba-darocco.com\/wp-content\/uploads\/2021\/04\/konoba-da-rocco-dron-09.jpg\" width=\"1080\" height=\"607\" alt=\"\"\/><\/div><\/a><\/div><\/div><\/div><div  class=\"wpb_content_element   clearfix\"><style type=\"text\/css\">#ut_am_69df98b88293a { opacity: 1; }#ut_am_wrap_69df98b88293b .ut-image-gallery-item-caption-title h3 { letter-spacing: 0em; }#ut_am_wrap_69df98b88293b .ut-gallery-slider-caption { font-weight: bold; }#ut_am_wrap_69df98b88293b { text-align: left; }@media (min-width: 768px) and (max-width: 1024px) { #ut_am_wrap_69df98b88293b { text-align: left !important; } }@media (max-width: 767px) { #ut_am_wrap_69df98b88293b { text-align: center !important; } }<\/style><div id=\"ut_am_wrap_69df98b88293b\" class=\"ut-image-gallery-image \"><div id=\"ut_reveal_69df98b88293c\"  data-appear-top-offset=\"auto\" class=\"ut-animated-image-item ut-image-gallery-item ut-animation-done \"><a class=\"ut-deactivated-link\" href=\"#\"><div class=\"ut-animated-image-zoom\"><img loading=\"lazy\" decoding=\"async\" class=\"ut-lazy skip-lazy ut-animated-image \"  id=\"ut_am_69df98b88293a\" src=\"data:image\/svg+xml;charset=utf-8,%3Csvg xmlns%3D'http%3A%2F%2Fwww.w3.org%2F2000%2Fsvg' viewBox%3D'0 0 1080 607'%2F%3E\" data-src=\"https:\/\/www.konoba-darocco.com\/wp-content\/uploads\/2021\/04\/konoba-da-rocco-dron-10.jpg\" width=\"1080\" height=\"607\" alt=\"\"\/><\/div><\/a><\/div><\/div><\/div>[\/vc_column][\/vc_row][\/vc_section][vc_section el_id=&#8221;appetizers&#8221;][vc_row el_name=&#8221;Appetizers&#8221;][vc_column width=&#8221;1\/2&#8243;]<div  class=\"wpb_content_element   clearfix\"><style type=\"text\/css\">#ut_am_69df98b882aa7 { opacity: 1; }#ut_am_wrap_69df98b882aa8 .ut-image-gallery-item-caption-title h3 { letter-spacing: 0em; }#ut_am_wrap_69df98b882aa8 .ut-gallery-slider-caption { font-weight: bold; }#ut_am_wrap_69df98b882aa8 { text-align: left; }@media (min-width: 768px) and (max-width: 1024px) { #ut_am_wrap_69df98b882aa8 { text-align: left !important; } }@media (max-width: 767px) { #ut_am_wrap_69df98b882aa8 { text-align: center !important; } }<\/style><div id=\"ut_am_wrap_69df98b882aa8\" class=\"ut-image-gallery-image \"><div id=\"ut_reveal_69df98b882aa9\"  data-appear-top-offset=\"auto\" class=\"ut-animated-image-item ut-image-gallery-item ut-animation-done \"><a class=\"ut-deactivated-link\" href=\"#\"><div class=\"ut-animated-image-zoom\"><img loading=\"lazy\" decoding=\"async\" class=\"ut-lazy skip-lazy ut-animated-image \"  id=\"ut_am_69df98b882aa7\" src=\"data:image\/svg+xml;charset=utf-8,%3Csvg xmlns%3D'http%3A%2F%2Fwww.w3.org%2F2000%2Fsvg' viewBox%3D'0 0 1080 607'%2F%3E\" data-src=\"https:\/\/www.konoba-darocco.com\/wp-content\/uploads\/2021\/04\/konoba-da-rocco-dron-08.jpg\" width=\"1080\" height=\"607\" alt=\"\"\/><\/div><\/a><\/div><\/div><\/div>[\/vc_column][vc_column width=&#8221;1\/2&#8243;]<div class=\"wpb_content_element \"><style type=\"text\/css\"><\/style><header id=\"ut_header_69df98b882c8a\" class=\"section-header  ut-no-title-linebreak-mobile ut-no-lead-linebreak-mobile pt-style-7 header-left header-tablet-left header-mobile-center\"><div data-delay=\"0\" class=\"lead \"><p>In epoca romana vi passava la Via Flanatica, la strada che da Pola portava alla Liburnia. I romani costruirono diversi edifici nelle vicinanze, tra cui un forte il cui scopo principale era quello di sorvegliare la strada. Nel 1903, in una grotta vicino a Krnica, fu ritrovata una cassa piena di monete d&#8217;oro e di bronzo di epoca romana. Il nome stesso, Krnica, secondo alcune ricerche \u00e8 legato alla parola celtica KAR, che significa pietra. Fu menzionato per la prima volta nel 1243. Successivamente, a causa delle guerre e della peste, il luogo fu abbandonato, mentre un insediamento pi\u00f9 grande fa la sua comparsa nel 1520, quando venne fondato da profughi dalmati che lo chiamarono &#8220;Santa Maria di Krnik&#8221;, e poi Krnica.<\/p>\n<\/div><\/header><\/div>[\/vc_column][\/vc_row][\/vc_section][vc_section css=&#8221;.vc_custom_1525220216628{background-color: #353234 !important;background-position: center !important;background-repeat: no-repeat !important;background-size: cover !important;}&#8221; el_name=&#8221;Social Section&#8221;][vc_row el_name=&#8221;Social Title&#8221;][vc_column width=&#8221;1\/4&#8243;]<div class=\"wpb_content_element\"><style type=\"text\/css\">#ut_bi_69df98b882f4b .bklyn-big-icon-link i { color: rgba(204,173,143,0.5); }#ut_bi_69df98b882f4b .bklyn-big-icon-link:hover i { color: #ccad8f; }#ut_bi_69df98b882f4b .bklyn-big-icon-slogan { color: rgba(255,255,255,0.5); }#ut_bi_69df98b882f4b .bklyn-big-icon-slogan { font-weight: normal; }#ut_bi_69df98b882f4b .bklyn-big-icon-title { color: #ffffff; }<\/style><div id=\"ut_bi_69df98b882f4b\" class=\"bklyn-big-icon-wrap\"><a  class=\"bklyn-big-icon-link \" target=\" _blank\" href=\"https:\/\/www.instagram.com\/da_rocco_krnica\/?hl=hr\" ><div class=\"bklyn-big-icon bklyn-big-icon-normal\"><div class=\"bklyn-big-icon-inner\"><i class=\"fa fa-instagram\"><\/i><\/div><\/div><h3 class=\"bklyn-big-icon-title\">Instagram<\/h3><\/a><\/div><\/div>[\/vc_column][vc_column width=&#8221;1\/2&#8243;]<div class=\"wpb_content_element \"><style type=\"text\/css\">#ut_header_69df98b883132 h2.section-title, #ut_header_69df98b883132 h2.section-title span { color:#ffffff; }#ut_header_69df98b883132 .lead { color:rgba(255, 255, 255, 0.5); }#ut_header_69df98b883132 .lead p { color:rgba(255, 255, 255, 0.5); }<\/style><header id=\"ut_header_69df98b883132\" class=\"section-header  ut-no-title-linebreak-mobile ut-no-lead-linebreak-mobile pt-style-7 header-center header-tablet-center header-mobile-center\"><h2 data-title=\"Seguiteci\"  data-responsive-font=\"section_title\" class=\"section-title  \"><span>Seguiteci<\/span><\/h2><div data-delay=\"0\" class=\"lead \"><p>Siamo presenti sui social netwpork, seguiteci online su Instagram e Facebook!<\/p>\n<\/div><\/header><\/div>[\/vc_column][vc_column width=&#8221;1\/4&#8243;]<div class=\"wpb_content_element\"><style type=\"text\/css\">#ut_bi_69df98b8833c7 .bklyn-big-icon-link i { color: rgba(204,173,143,0.5); }#ut_bi_69df98b8833c7 .bklyn-big-icon-link:hover i { color: #ccad8f; }#ut_bi_69df98b8833c7 .bklyn-big-icon-slogan { color: rgba(255,255,255,0.5); }#ut_bi_69df98b8833c7 .bklyn-big-icon-slogan { font-weight: normal; }#ut_bi_69df98b8833c7 .bklyn-big-icon-title { color: #ffffff; }<\/style><div id=\"ut_bi_69df98b8833c7\" class=\"bklyn-big-icon-wrap\"><a  class=\"bklyn-big-icon-link \" target=\" _blank\" href=\"https:\/\/www.facebook.com\/Konoba-da-Rocco-2008575692784891\" ><div class=\"bklyn-big-icon bklyn-big-icon-normal\"><div class=\"bklyn-big-icon-inner\"><i class=\"fa fa-facebook\"><\/i><\/div><\/div><h3 class=\"bklyn-big-icon-title\">Facebook<\/h3><\/a><\/div><\/div>[\/vc_column][\/vc_row][\/vc_section]<\/p>\n","protected":false},"excerpt":{"rendered":"<p>[vc_section el_name=&#8221;Menu Welcome Section&#8221;][vc_row el_name=&#8221;Menu Message&#8221;][vc_column offset=&#8221;vc_col-lg-offset-3 vc_col-lg-6&#8243;][\/vc_column][\/vc_row][\/vc_section][vc_section el_id=&#8221;steaks&#8221;][vc_row el_name=&#8221;Steaks and Chops&#8221;][vc_column width=&#8221;1\/2&#8243;][\/vc_column][vc_column width=&#8221;1\/2&#8243;][\/vc_column][\/vc_row][\/vc_section][vc_section el_id=&#8221;appetizers&#8221;][vc_row el_name=&#8221;Appetizers&#8221;][vc_column width=&#8221;1\/2&#8243;][\/vc_column][vc_column width=&#8221;1\/2&#8243;][\/vc_column][\/vc_row][\/vc_section][vc_section css=&#8221;.vc_custom_1525220216628{background-color: #353234 !important;background-position: center !important;background-repeat: no-repeat !important;background-size: cover !important;}&#8221; el_name=&#8221;Social Section&#8221;][vc_row el_name=&#8221;Social Title&#8221;][vc_column width=&#8221;1\/4&#8243;][\/vc_column][vc_column width=&#8221;1\/2&#8243;][\/vc_column][vc_column width=&#8221;1\/4&#8243;][\/vc_column][\/vc_row][\/vc_section]<\/p>\n","protected":false},"author":1,"featured_media":0,"parent":0,"menu_order":0,"comment_status":"closed","ping_status":"closed","template":"","meta":{"footnotes":""},"class_list":["post-1072","page","type-page","status-publish","hentry"],"_links":{"self":[{"href":"https:\/\/www.konoba-darocco.com\/it\/wp-json\/wp\/v2\/pages\/1072","targetHints":{"allow":["GET"]}}],"collection":[{"href":"https:\/\/www.konoba-darocco.com\/it\/wp-json\/wp\/v2\/pages"}],"about":[{"href":"https:\/\/www.konoba-darocco.com\/it\/wp-json\/wp\/v2\/types\/page"}],"author":[{"embeddable":true,"href":"https:\/\/www.konoba-darocco.com\/it\/wp-json\/wp\/v2\/users\/1"}],"replies":[{"embeddable":true,"href":"https:\/\/www.konoba-darocco.com\/it\/wp-json\/wp\/v2\/comments?post=1072"}],"version-history":[{"count":3,"href":"https:\/\/www.konoba-darocco.com\/it\/wp-json\/wp\/v2\/pages\/1072\/revisions"}],"predecessor-version":[{"id":1093,"href":"https:\/\/www.konoba-darocco.com\/it\/wp-json\/wp\/v2\/pages\/1072\/revisions\/1093"}],"wp:attachment":[{"href":"https:\/\/www.konoba-darocco.com\/it\/wp-json\/wp\/v2\/media?parent=1072"}],"curies":[{"name":"wp","href":"https:\/\/api.w.org\/{rel}","templated":true}]}}